{"id":2,"date":"2014-08-26T16:59:54","date_gmt":"2014-08-26T16:59:54","guid":{"rendered":"http:\/\/andrea.modelberg.it\/cms\/?page_id=2"},"modified":"2014-11-08T19:32:04","modified_gmt":"2014-11-08T18:32:04","slug":"pagina-di-esempio","status":"publish","type":"page","link":"http:\/\/andrea.modelberg.it\/?lang=it","title":{"rendered":"Tutto comincia qui"},"content":{"rendered":"<p>Vi do il benvenuto nel mio piccolo spazio virtuale sul web. Rilassatevi, versatevi un buon bicchiere della vostra bevanda preferita e curiosate in giro quanto volete. No, contrariamente a quanto si possa pensare non mi sono fatto prendere dalle irrefrenabili manie di grandezza che sembrano affliggere (quasi) tutti quelli che pubblicano il loro sito personale: perch\u00e8 \u00e8 figo, perch\u00e8 fa trendy, perch\u00e8 sono pieno di carisma e sintomatico mistero etc. Niente di tutto questo. Internet \u00e8 un bellissimo mezzo di comunicazione e di condivisione di informazioni e, cos\u00ec, ho pensato di raccogliere qui (quasi) tutto quello che ho imparato, nella speranza che qualcuno possa trovarlo utile\/dilettevole\/formativo (o, magari, che qualcuno si prenda la briga di mettersi in contatto con me e aggiunga qualcosa alla mia traballante cultura!).<\/p>\n","protected":false},"excerpt":{"rendered":"<p>Vi do il benvenuto nel mio piccolo spazio virtuale sul web. Rilassatevi, versatevi un buon bicchiere della vostra bevanda preferita[&#8230;]<\/p>\n","protected":false},"author":1,"featured_media":0,"parent":0,"menu_order":0,"comment_status":"open","ping_status":"open","template":"","meta":{"footnotes":""},"class_list":["post-2","page","type-page","status-publish","hentry"],"_links":{"self":[{"href":"http:\/\/andrea.modelberg.it\/index.php?rest_route=\/wp\/v2\/pages\/2","targetHints":{"allow":["GET"]}}],"collection":[{"href":"http:\/\/andrea.modelberg.it\/index.php?rest_route=\/wp\/v2\/pages"}],"about":[{"href":"http:\/\/andrea.modelberg.it\/index.php?rest_route=\/wp\/v2\/types\/page"}],"author":[{"embeddable":true,"href":"http:\/\/andrea.modelberg.it\/index.php?rest_route=\/wp\/v2\/users\/1"}],"replies":[{"embeddable":true,"href":"http:\/\/andrea.modelberg.it\/index.php?rest_route=%2Fwp%2Fv2%2Fcomments&post=2"}],"version-history":[{"count":6,"href":"http:\/\/andrea.modelberg.it\/index.php?rest_route=\/wp\/v2\/pages\/2\/revisions"}],"predecessor-version":[{"id":33,"href":"http:\/\/andrea.modelberg.it\/index.php?rest_route=\/wp\/v2\/pages\/2\/revisions\/33"}],"wp:attachment":[{"href":"http:\/\/andrea.modelberg.it\/index.php?rest_route=%2Fwp%2Fv2%2Fmedia&parent=2"}],"curies":[{"name":"wp","href":"https:\/\/api.w.org\/{rel}","templated":true}]}}